{"id":153,"date":"2025-02-25T16:39:43","date_gmt":"2025-02-25T16:39:43","guid":{"rendered":"https:\/\/gulugulusevilla.com\/?page_id=153"},"modified":"2025-02-25T16:40:53","modified_gmt":"2025-02-25T16:40:53","slug":"153-2","status":"publish","type":"page","link":"https:\/\/gulugulusevilla.com\/index.php\/153-2\/","title":{"rendered":"Pol\u00edtica de privacidad"},"content":{"rendered":"\n[et_pb_section fb_built=\u00bb1&#8243; theme_builder_area=\u00bbpost_content\u00bb _builder_version=\u00bb4.27.4&#8243; _module_preset=\u00bbdefault\u00bb][et_pb_row _builder_version=\u00bb4.27.4&#8243; _module_preset=\u00bbdefault\u00bb theme_builder_area=\u00bbpost_content\u00bb][et_pb_column _builder_version=\u00bb4.27.4&#8243; _module_preset=\u00bbdefault\u00bb type=\u00bb4_4&#8243; theme_builder_area=\u00bbpost_content\u00bb][et_pb_accordion _builder_version=\u00bb4.27.4&#8243; _module_preset=\u00bbdefault\u00bb theme_builder_area=\u00bbpost_content\u00bb][et_pb_accordion_item title=\u00bb\u00bfQUI\u00c9N ES EL RESPONSABLE DEL TRATAMIENTO DE LOS DATOS PERSONALES?\u00bb _builder_version=\u00bb4.27.4&#8243; _module_preset=\u00bbdefault\u00bb open=\u00bbon\u00bb theme_builder_area=\u00bbpost_content\u00bb hover_enabled=\u00bb0&#8243; sticky_enabled=\u00bb0&#8243;]<div class=\"elementor-element elementor-element-6ccf9cc6 elementor-widget elementor-widget-text-editor\" data-id=\"6ccf9cc6\" data-element_type=\"widget\" data-widget_type=\"text-editor.default\">\n<div class=\"elementor-widget-container\">\n<p>De acuerdo a lo establecido en la normativa vigente, art. 24 del Reglamento 2016\/679 del Parlamento Europeo y del Consejo, de 27 de abril de 2016 (en adelante, RGPD) le informamos que los datos personales que pueda facilitar durante el uso de la web www.gulugulusevilla.com<span>\u00a0<\/span>(en adelante \u201cla WEB\u201d) ser\u00e1n tratados en calidad de Responsable del tratamiento por<span>\u00a0<\/span><strong>ASIA TRAVEL FOOD GROUP S.L<\/strong><span>\u00a0<\/span>, con<span>\u00a0<\/span><strong>CIF B56847825<\/strong><span>\u00a0<\/span>y direcci\u00f3n en Calle Augusto Plasencia 1, planta LC, puerta B. 41004 Sevilla<\/p>\n<\/div>\n<\/div>\n<div class=\"elementor-element elementor-element-6e25a8e1 elementor-widget elementor-widget-text-editor\" data-id=\"6e25a8e1\" data-element_type=\"widget\" data-widget_type=\"text-editor.default\">\n<div class=\"elementor-widget-container\">\n<p>Del mismo modo, cumpliendo as\u00ed las exigencias del art\u00edculo 13 del RGPD referente a la informaci\u00f3n que debe facilitarse cuando los datos personales sean recabados del interesado, a continuaci\u00f3n, vamos a facilitarle dicha informaci\u00f3n, en los siguientes apartados.<\/p>\n<\/div>\n<\/div>[\/et_pb_accordion_item][et_pb_accordion_item title=\u00bb\u00bfEST\u00c1 OBLIGADO A FACILITAR DATOS PERSONALES?\u00bb _builder_version=\u00bb4.27.4&#8243; _module_preset=\u00bbdefault\u00bb open=\u00bboff\u00bb theme_builder_area=\u00bbpost_content\u00bb hover_enabled=\u00bb0&#8243; sticky_enabled=\u00bb0&#8243;]<div class=\"elementor-element elementor-element-16b4c377 elementor-widget elementor-widget-text-editor\" data-id=\"16b4c377\" data-element_type=\"widget\" data-widget_type=\"text-editor.default\">\n<div class=\"elementor-widget-container\">\n<p>La visita a la WEB no supone que el USUARIO est\u00e9 obligado a facilitar ninguna informaci\u00f3n sobre s\u00ed mismo. No obstante, el uso de algunos de los servicios disponible en la WEB depende de la cumplimentaci\u00f3n de formularios de informaci\u00f3n personal.<\/p>\n<\/div>\n<\/div>\n<div class=\"elementor-element elementor-element-23e0262d elementor-widget elementor-widget-text-editor\" data-id=\"23e0262d\" data-element_type=\"widget\" data-widget_type=\"text-editor.default\">\n<div class=\"elementor-widget-container\">\n<p>Los datos que se soliciten en los diferentes formularios de la WEB son los necesarios para\u00a0<span>prestar los servicios solicitados. La negativa a proporcionar los datos se\u00f1alados como\u00a0<\/span><span>necesarios puede suponer la imposibilidad de prestar adecuadamente dichos servicios. As\u00ed\u00a0<\/span><span>mismo, podr\u00e1 facilitar datos de modo voluntario con el objetivo de que puedan prestarse de\u00a0<\/span><span>modo \u00f3ptimo estos servicios.<\/span><\/p>\n<\/div>\n<\/div>\n<div class=\"elementor-element elementor-element-3a9ff38f elementor-widget elementor-widget-text-editor\" data-id=\"3a9ff38f\" data-element_type=\"widget\" data-widget_type=\"text-editor.default\">\n<div class=\"elementor-widget-container\">\n<p>Igualmente, determinadas funcionalidades de la web dependen de que usted autorice el\u00a0<span>tratamiento de sus datos personales. Por ello, seg\u00fan dispone el art. 7 del Reglamento Europeo\u00a0<\/span><span>2016\/679 (en adelante, RGPD) el usuario desde el momento en que incorpora los datos\u00a0<\/span><span>personales y acepta la incorporaci\u00f3n de los mismos consiente el uso de los mismos para la\u00a0<\/span><span>finalidad declarada.<\/span><\/p>\n<\/div>\n<\/div>[\/et_pb_accordion_item][et_pb_accordion_item title=\u00bb\u00bfCON QU\u00c9 FINALIDAD TRATAR\u00c1 LA EMPRESA LOS DATOS PERSONALES DEL USUARIO Y CU\u00c1NTO TIEMPO?\u00bb _builder_version=\u00bb4.27.4&#8243; _module_preset=\u00bbdefault\u00bb theme_builder_area=\u00bbpost_content\u00bb hover_enabled=\u00bb0&#8243; sticky_enabled=\u00bb0&#8243;]<div class=\"elementor-element elementor-element-3303ff35 elementor-widget elementor-widget-text-editor\" data-id=\"3303ff35\" data-element_type=\"widget\" data-widget_type=\"text-editor.default\">\n<div class=\"elementor-widget-container\">\n<p>Los datos personales que facilite para la prestaci\u00f3n de los distintos servicios puestos a\u00a0<span>disposici\u00f3n a trav\u00e9s del sitio WEB ser\u00e1n tratados por la EMPRESA, conforme a las siguientes\u00a0<\/span><span>finalidades:<\/span><\/p>\n<ul>\n<li>En el caso de\u00a0<span>Registro online<\/span>, la finalidad es gestionar la creaci\u00f3n de una cuenta de USUARIO para la atenci\u00f3n de los diferentes servicios ofrecidos por EMPRESA que permiten la tramitaci\u00f3n telem\u00e1tica de los diferentes servicios registrales.<\/li>\n<\/ul>\n<ul>\n<li>En el caso de que incluir alg\u00fan correo de contacto facilitado, la finalidad ser\u00e1 la contestaci\u00f3n a la solicitud realizada.<\/li>\n<\/ul>\n<ul>\n<li>En el caso de Servicios de atenci\u00f3n telef\u00f3nica, las llamadas realizadas al servicio de Atenci\u00f3n al Cliente de la EMPRESA pueden ser grabadas por motivos de calidad del servicio.<\/li>\n<\/ul>\n<ul>\n<li>Igualmente, le informamos que determinadas funcionalidades de la WEB dependen del uso de COOKIES, por lo que, en el caso de que no haya denegado la posibilidad de su uso, se proceder\u00e1 al tratamiento de determinada informaci\u00f3n relacionada con su uso de la WEB. Puede ver las condiciones para su uso en la \u201cPol\u00edtica de Cookies\u201d.<\/li>\n<\/ul>\n<\/div>\n<\/div>\n<div class=\"elementor-element elementor-element-278702af elementor-widget elementor-widget-text-editor\" data-id=\"278702af\" data-element_type=\"widget\" data-widget_type=\"text-editor.default\">\n<div class=\"elementor-widget-container\">\n<p>En el momento de solicitar cualquiera de los servicios o hacer uso de las funcionalidades indicadas, se le ofrecer\u00e1 informaci\u00f3n m\u00e1s detallada sobre los concretos tratamientos.<\/p>\n<\/div>\n<\/div>[\/et_pb_accordion_item][et_pb_accordion_item title=\u00bb\u00bfDURANTE CU\u00c1NTO TIEMPO TRATAR\u00c1 LA EMPRESA LOS DATOS PERSONALES?\u00bb _builder_version=\u00bb4.27.4&#8243; _module_preset=\u00bbdefault\u00bb theme_builder_area=\u00bbpost_content\u00bb hover_enabled=\u00bb0&#8243; sticky_enabled=\u00bb0&#8243;]<div class=\"elementor-element elementor-element-7255f93c elementor-widget elementor-widget-text-editor\" data-id=\"7255f93c\" data-element_type=\"widget\" data-widget_type=\"text-editor.default\">\n<div class=\"elementor-widget-container\">\n<p>Los datos del USUARIO ser\u00e1n conservados mientras sean necesarios para la prestaci\u00f3n de los\u00a0<span>servicios solicitados y, una vez finalizada dicha prestaci\u00f3n, sus datos ser\u00e1n conservados\u00a0<\/span><span>durante el tiempo estrictamente necesario, o bien por el legalmente establecido para las\u00a0<\/span><span>posibles responsabilidades derivadas del servicio prestado.<\/span><\/p>\n<\/div>\n<\/div>\n<div class=\"elementor-element elementor-element-300e5b8e elementor-widget elementor-widget-text-editor\" data-id=\"300e5b8e\" data-element_type=\"widget\" data-widget_type=\"text-editor.default\">\n<div class=\"elementor-widget-container\">\n<p>En el caso de los USUARIOS registrados, el tratamiento de los datos se mantendr\u00e1 igualmente\u00a0<span>por el tiempo estrictamente necesario, o bien hasta la solicitud de la baja de la cuenta creada\u00a0<\/span><span>en base a su derecho de supresi\u00f3n.<\/span><\/p>\n<\/div>\n<\/div>\n<div class=\"elementor-element elementor-element-2d283ffe elementor-widget elementor-widget-text-editor\" data-id=\"2d283ffe\" data-element_type=\"widget\" data-widget_type=\"text-editor.default\">\n<div class=\"elementor-widget-container\">\n<p>En el caso de grabaci\u00f3n de llamadas telef\u00f3nicas por motivos de calidad, el tiempo m\u00e1ximo de\u00a0<span>conservaci\u00f3n ser\u00e1 de seis meses.<\/span><\/p>\n<\/div>\n<\/div>[\/et_pb_accordion_item][et_pb_accordion_item title=\u00bb\u00bfQU\u00c9 CATEGOR\u00cdAS DE DATOS DEL USUARIO TRATAR\u00c1 LA EMPRESA?\u00bb _builder_version=\u00bb4.27.4&#8243; _module_preset=\u00bbdefault\u00bb theme_builder_area=\u00bbpost_content\u00bb hover_enabled=\u00bb0&#8243; sticky_enabled=\u00bb0&#8243;]<p><span>Los datos personales necesarios para la prestaci\u00f3n de los diferentes servicios disponibles en la\u00a0<\/span><span>WEB ser\u00e1n los indicados en el correspondiente formulario habilitado a tal efecto.<\/span><\/p>[\/et_pb_accordion_item][et_pb_accordion_item title=\u00bb\u00bfCU\u00c1L ES LA LEGITIMACI\u00d3N DEL TRATAMIENTO DE LOS DATOS DEL USUARIO?\u00bb _builder_version=\u00bb4.27.4&#8243; _module_preset=\u00bbdefault\u00bb theme_builder_area=\u00bbpost_content\u00bb hover_enabled=\u00bb0&#8243; sticky_enabled=\u00bb0&#8243;]<p><span>El tratamiento de los datos del USUARIO por parte de la EMPRESA se ampara en la solicitud\u00a0<\/span><span>por parte del USUARIO de los servicios puestos a disposici\u00f3n a trav\u00e9s de la WEB o, en su caso,\u00a0<\/span><span>en el consentimiento que se le solicite para finalidades determinadas, y que podr\u00e1 retirar en\u00a0<\/span><span>cualquier momento. No obstante, en caso de revocar su consentimiento, ello no afectar\u00e1 a la\u00a0<\/span><span>licitud de los tratamientos efectuados con anterioridad.<\/span><\/p>[\/et_pb_accordion_item][et_pb_accordion_item title=\u00bb\u00bfA QU\u00c9 DESTINATARIOS SE COMUNICAR\u00c1N LOS DATOS DEL USUARIO?\u00bb _builder_version=\u00bb4.27.4&#8243; _module_preset=\u00bbdefault\u00bb theme_builder_area=\u00bbpost_content\u00bb hover_enabled=\u00bb0&#8243; sticky_enabled=\u00bb0&#8243;]<p><span>Los datos personales facilitados por el USUARIO no ser\u00e1n comunicados a terceros, salvo que\u00a0<\/span><span>ello fuera necesario para la prestaci\u00f3n de los servicios solicitados, o cuando el USUARIO\u00a0<\/span><span>hubiera aceptado expresamente su comunicaci\u00f3n. En ambos supuestos, el USUARIO ser\u00e1\u00a0<\/span><span>debidamente informado de dicha posibilidad antes de proceder a la comunicaci\u00f3n de sus datos\u00a0<\/span><span>personales.<\/span><\/p>[\/et_pb_accordion_item][et_pb_accordion_item title=\u00bb\u00bfQU\u00c9 RESPONSABILIDAD TIENE EL USUARIO?\u00bb _builder_version=\u00bb4.27.4&#8243; _module_preset=\u00bbdefault\u00bb theme_builder_area=\u00bbpost_content\u00bb hover_enabled=\u00bb0&#8243; sticky_enabled=\u00bb0&#8243;]<div class=\"elementor-element elementor-element-7cda9141 elementor-widget elementor-widget-text-editor\" data-id=\"7cda9141\" data-element_type=\"widget\" data-widget_type=\"text-editor.default\">\n<div class=\"elementor-widget-container\">\n<p>El USUARIO ser\u00e1 responsable de que los datos que facilite a la EMPRESA sean verdaderos, exactos, completos y actualizados. A estos efectos, el USUARIO responder\u00e1 de la veracidad de todos los datos que comunique y deber\u00e1 mantener debidamente actualizada la informaci\u00f3n facilitada, de tal forma que responda a su situaci\u00f3n real.<\/p>\n<\/div>\n<\/div>\n<div class=\"elementor-element elementor-element-2bb5e4f elementor-widget elementor-widget-text-editor\" data-id=\"2bb5e4f\" data-element_type=\"widget\" data-widget_type=\"text-editor.default\">\n<div class=\"elementor-widget-container\">\n<p>Igualmente, ser\u00e1 responsable de las informaciones falsas o inexactas que proporcione a trav\u00e9s\u00a0<span>del sitio WEB y de los da\u00f1os y perjuicios, directos o indirectos, que ello cause a la EMPRESA o a\u00a0<\/span><span>terceros.<\/span><\/p>\n<\/div>\n<\/div>[\/et_pb_accordion_item][et_pb_accordion_item title=\u00bb\u00bfQU\u00c9 DERECHOS TIENE EL USUARIO?\u00bb _builder_version=\u00bb4.27.4&#8243; _module_preset=\u00bbdefault\u00bb theme_builder_area=\u00bbpost_content\u00bb hover_enabled=\u00bb0&#8243; sticky_enabled=\u00bb0&#8243;]<div class=\"elementor-element elementor-element-259c9db4 elementor-widget elementor-widget-text-editor\" data-id=\"259c9db4\" data-element_type=\"widget\" data-widget_type=\"text-editor.default\">\n<div class=\"elementor-widget-container\">\n<p>El USUARIO puede enviar un escrito a la direcci\u00f3n de la EMPRESA o a trav\u00e9s de correo\u00a0<span>electr\u00f3nico\u00a0<a href=\"mailto:administracion@grupojechura.com\">administracion@grupojechura.com<\/a><\/span><span>, con la Referencia \u201cProtecci\u00f3n de Datos\u201d,\u00a0<\/span><span>adjuntando fotocopia de su documento de identidad, en cualquier momento y de manera\u00a0<\/span><span>gratuita, para:<\/span><\/p>\n<\/div>\n<\/div>\n<div class=\"elementor-element elementor-element-47a5925d elementor-widget elementor-widget-text-editor\" data-id=\"47a5925d\" data-element_type=\"widget\" data-widget_type=\"text-editor.default\">\n<div class=\"elementor-widget-container\">\n<ul>\n<li>Revocar los consentimientos otorgados.<\/li>\n<li>Acceder a sus datos personales.<\/li>\n<li>Rectificar los datos inexactos o incompletos.<\/li>\n<li>Solicitar la supresi\u00f3n de sus datos cuando, entre otros motivos, los datos ya no sean necesarios para los fines que fueron recogidos.<\/li>\n<li>Obtener de la EMPRESA la limitaci\u00f3n del tratamiento de los datos cuando se cumpla alguna de las condiciones previstas en la normativa de protecci\u00f3n de datos.<\/li>\n<li>Solicitar la portabilidad de sus datos.<\/li>\n<li>Reclamar ante la Agencia Espa\u00f1ola de Protecci\u00f3n de Datos cuando el interesado considere que la EMPRESA ha vulnerado los derechos que le son reconocidos por la normativa aplicable en protecci\u00f3n de datos.<\/li>\n<\/ul>\n<\/div>\n<\/div>[\/et_pb_accordion_item][et_pb_accordion_item title=\u00bb\u00bfES SEGURO FACILITAR DATOS PERSONALES?\u00bb _builder_version=\u00bb4.27.4&#8243; _module_preset=\u00bbdefault\u00bb theme_builder_area=\u00bbpost_content\u00bb hover_enabled=\u00bb0&#8243; sticky_enabled=\u00bb0&#8243;]<p><span>La EMPRESA tratar\u00e1 los datos del USUARIO en todo momento de forma absolutamente confidencial y guardando el preceptivo deber de secreto respecto de los mismos, de conformidad con lo previsto en la normativa de aplicaci\u00f3n, adoptando al efecto las medidas de \u00edndole t\u00e9cnica y organizativas necesarias que garanticen la seguridad de sus datos y eviten su alteraci\u00f3n, p\u00e9rdida, tratamiento o acceso no autorizado, habida cuenta del estado de la tecnolog\u00eda, la naturaleza de los datos almacenados y los riesgos a que est\u00e1n expuestos.<\/span><\/p>[\/et_pb_accordion_item][et_pb_accordion_item title=\u00bb\u00bfPUEDE CAMBIAR LA POL\u00cdTICA DE PRIVACIDAD?\u00bb _builder_version=\u00bb4.27.4&#8243; _module_preset=\u00bbdefault\u00bb theme_builder_area=\u00bbpost_content\u00bb hover_enabled=\u00bb0&#8243; sticky_enabled=\u00bb0&#8243;]<p><span>La EMPRESA se reserva el derecho a modificar la presente Pol\u00edtica de Privacidad a fin de adaptarla a las novedades legislativas que fueran procedentes. En dichos supuestos, anunciar\u00e1 en el sitio WEB los cambios introducidos con una antelaci\u00f3n razonable a la de su puesta en pr\u00e1ctica.<\/span><\/p>[\/et_pb_accordion_item][\/et_pb_accordion][\/et_pb_column][\/et_pb_row][\/et_pb_section]\n","protected":false},"excerpt":{"rendered":"<p>De acuerdo a lo establecido en la normativa vigente, art. 24 del Reglamento 2016\/679 del Parlamento Europeo y del Consejo, de 27 de abril de 2016 (en adelante, RGPD) le informamos que los datos personales que pueda facilitar durante el uso de la web www.gulugulusevilla.com\u00a0(en adelante \u201cla WEB\u201d) ser\u00e1n tratados en calidad de Responsable del [&hellip;]<\/p>\n","protected":false},"author":1,"featured_media":0,"parent":0,"menu_order":0,"comment_status":"closed","ping_status":"closed","template":"","meta":{"_et_pb_use_builder":"on","_et_pb_old_content":"","_et_gb_content_width":"","footnotes":""},"class_list":["post-153","page","type-page","status-publish","hentry"],"yoast_head":"<!-- This site is optimized with the Yoast SEO plugin v24.7 - https:\/\/yoast.com\/wordpress\/plugins\/seo\/ -->\n<title>Pol\u00edtica de privacidad - GULU GULU<\/title>\n<meta name=\"robots\" content=\"index, follow, max-snippet:-1, max-image-preview:large, max-video-preview:-1\" \/>\n<link rel=\"canonical\" href=\"https:\/\/gulugulusevilla.com\/index.php\/153-2\/\" \/>\n<meta property=\"og:locale\" content=\"es_ES\" \/>\n<meta property=\"og:type\" content=\"article\" \/>\n<meta property=\"og:title\" content=\"Pol\u00edtica de privacidad - GULU GULU\" \/>\n<meta property=\"og:description\" content=\"De acuerdo a lo establecido en la normativa vigente, art. 24 del Reglamento 2016\/679 del Parlamento Europeo y del Consejo, de 27 de abril de 2016 (en adelante, RGPD) le informamos que los datos personales que pueda facilitar durante el uso de la web www.gulugulusevilla.com\u00a0(en adelante \u201cla WEB\u201d) ser\u00e1n tratados en calidad de Responsable del [&hellip;]\" \/>\n<meta property=\"og:url\" content=\"https:\/\/gulugulusevilla.com\/index.php\/153-2\/\" \/>\n<meta property=\"og:site_name\" content=\"GULU GULU\" \/>\n<meta property=\"article:modified_time\" content=\"2025-02-25T16:40:53+00:00\" \/>\n<meta name=\"twitter:card\" content=\"summary_large_image\" \/>\n<meta name=\"twitter:label1\" content=\"Tiempo de lectura\" \/>\n\t<meta name=\"twitter:data1\" content=\"6 minutos\" \/>\n<script type=\"application\/ld+json\" class=\"yoast-schema-graph\">{\"@context\":\"https:\/\/schema.org\",\"@graph\":[{\"@type\":\"WebPage\",\"@id\":\"https:\/\/gulugulusevilla.com\/index.php\/153-2\/\",\"url\":\"https:\/\/gulugulusevilla.com\/index.php\/153-2\/\",\"name\":\"Pol\u00edtica de privacidad - GULU GULU\",\"isPartOf\":{\"@id\":\"https:\/\/gulugulusevilla.com\/#website\"},\"datePublished\":\"2025-02-25T16:39:43+00:00\",\"dateModified\":\"2025-02-25T16:40:53+00:00\",\"breadcrumb\":{\"@id\":\"https:\/\/gulugulusevilla.com\/index.php\/153-2\/#breadcrumb\"},\"inLanguage\":\"es\",\"potentialAction\":[{\"@type\":\"ReadAction\",\"target\":[\"https:\/\/gulugulusevilla.com\/index.php\/153-2\/\"]}]},{\"@type\":\"BreadcrumbList\",\"@id\":\"https:\/\/gulugulusevilla.com\/index.php\/153-2\/#breadcrumb\",\"itemListElement\":[{\"@type\":\"ListItem\",\"position\":1,\"name\":\"Portada\",\"item\":\"https:\/\/gulugulusevilla.com\/\"},{\"@type\":\"ListItem\",\"position\":2,\"name\":\"Pol\u00edtica de privacidad\"}]},{\"@type\":\"WebSite\",\"@id\":\"https:\/\/gulugulusevilla.com\/#website\",\"url\":\"https:\/\/gulugulusevilla.com\/\",\"name\":\"GULU GULU\",\"description\":\"Dim Sum en Sevilla\",\"publisher\":{\"@id\":\"https:\/\/gulugulusevilla.com\/#organization\"},\"potentialAction\":[{\"@type\":\"SearchAction\",\"target\":{\"@type\":\"EntryPoint\",\"urlTemplate\":\"https:\/\/gulugulusevilla.com\/?s={search_term_string}\"},\"query-input\":{\"@type\":\"PropertyValueSpecification\",\"valueRequired\":true,\"valueName\":\"search_term_string\"}}],\"inLanguage\":\"es\"},{\"@type\":\"Organization\",\"@id\":\"https:\/\/gulugulusevilla.com\/#organization\",\"name\":\"GULU GULU\",\"url\":\"https:\/\/gulugulusevilla.com\/\",\"logo\":{\"@type\":\"ImageObject\",\"inLanguage\":\"es\",\"@id\":\"https:\/\/gulugulusevilla.com\/#\/schema\/logo\/image\/\",\"url\":\"https:\/\/gulugulusevilla.com\/wp-content\/uploads\/2025\/01\/logo_de_gulu-removebg-preview-2.png\",\"contentUrl\":\"https:\/\/gulugulusevilla.com\/wp-content\/uploads\/2025\/01\/logo_de_gulu-removebg-preview-2.png\",\"width\":125,\"height\":125,\"caption\":\"GULU GULU\"},\"image\":{\"@id\":\"https:\/\/gulugulusevilla.com\/#\/schema\/logo\/image\/\"},\"sameAs\":[\"https:\/\/www.instagram.com\/gulu.sevilla\/\"]}]}<\/script>\n<!-- \/ Yoast SEO plugin. -->","yoast_head_json":{"title":"Pol\u00edtica de privacidad - GULU GULU","robots":{"index":"index","follow":"follow","max-snippet":"max-snippet:-1","max-image-preview":"max-image-preview:large","max-video-preview":"max-video-preview:-1"},"canonical":"https:\/\/gulugulusevilla.com\/index.php\/153-2\/","og_locale":"es_ES","og_type":"article","og_title":"Pol\u00edtica de privacidad - GULU GULU","og_description":"De acuerdo a lo establecido en la normativa vigente, art. 24 del Reglamento 2016\/679 del Parlamento Europeo y del Consejo, de 27 de abril de 2016 (en adelante, RGPD) le informamos que los datos personales que pueda facilitar durante el uso de la web www.gulugulusevilla.com\u00a0(en adelante \u201cla WEB\u201d) ser\u00e1n tratados en calidad de Responsable del [&hellip;]","og_url":"https:\/\/gulugulusevilla.com\/index.php\/153-2\/","og_site_name":"GULU GULU","article_modified_time":"2025-02-25T16:40:53+00:00","twitter_card":"summary_large_image","twitter_misc":{"Tiempo de lectura":"6 minutos"},"schema":{"@context":"https:\/\/schema.org","@graph":[{"@type":"WebPage","@id":"https:\/\/gulugulusevilla.com\/index.php\/153-2\/","url":"https:\/\/gulugulusevilla.com\/index.php\/153-2\/","name":"Pol\u00edtica de privacidad - GULU GULU","isPartOf":{"@id":"https:\/\/gulugulusevilla.com\/#website"},"datePublished":"2025-02-25T16:39:43+00:00","dateModified":"2025-02-25T16:40:53+00:00","breadcrumb":{"@id":"https:\/\/gulugulusevilla.com\/index.php\/153-2\/#breadcrumb"},"inLanguage":"es","potentialAction":[{"@type":"ReadAction","target":["https:\/\/gulugulusevilla.com\/index.php\/153-2\/"]}]},{"@type":"BreadcrumbList","@id":"https:\/\/gulugulusevilla.com\/index.php\/153-2\/#breadcrumb","itemListElement":[{"@type":"ListItem","position":1,"name":"Portada","item":"https:\/\/gulugulusevilla.com\/"},{"@type":"ListItem","position":2,"name":"Pol\u00edtica de privacidad"}]},{"@type":"WebSite","@id":"https:\/\/gulugulusevilla.com\/#website","url":"https:\/\/gulugulusevilla.com\/","name":"GULU GULU","description":"Dim Sum en Sevilla","publisher":{"@id":"https:\/\/gulugulusevilla.com\/#organization"},"potentialAction":[{"@type":"SearchAction","target":{"@type":"EntryPoint","urlTemplate":"https:\/\/gulugulusevilla.com\/?s={search_term_string}"},"query-input":{"@type":"PropertyValueSpecification","valueRequired":true,"valueName":"search_term_string"}}],"inLanguage":"es"},{"@type":"Organization","@id":"https:\/\/gulugulusevilla.com\/#organization","name":"GULU GULU","url":"https:\/\/gulugulusevilla.com\/","logo":{"@type":"ImageObject","inLanguage":"es","@id":"https:\/\/gulugulusevilla.com\/#\/schema\/logo\/image\/","url":"https:\/\/gulugulusevilla.com\/wp-content\/uploads\/2025\/01\/logo_de_gulu-removebg-preview-2.png","contentUrl":"https:\/\/gulugulusevilla.com\/wp-content\/uploads\/2025\/01\/logo_de_gulu-removebg-preview-2.png","width":125,"height":125,"caption":"GULU GULU"},"image":{"@id":"https:\/\/gulugulusevilla.com\/#\/schema\/logo\/image\/"},"sameAs":["https:\/\/www.instagram.com\/gulu.sevilla\/"]}]}},"_links":{"self":[{"href":"https:\/\/gulugulusevilla.com\/index.php\/wp-json\/wp\/v2\/pages\/153","targetHints":{"allow":["GET"]}}],"collection":[{"href":"https:\/\/gulugulusevilla.com\/index.php\/wp-json\/wp\/v2\/pages"}],"about":[{"href":"https:\/\/gulugulusevilla.com\/index.php\/wp-json\/wp\/v2\/types\/page"}],"author":[{"embeddable":true,"href":"https:\/\/gulugulusevilla.com\/index.php\/wp-json\/wp\/v2\/users\/1"}],"replies":[{"embeddable":true,"href":"https:\/\/gulugulusevilla.com\/index.php\/wp-json\/wp\/v2\/comments?post=153"}],"version-history":[{"count":4,"href":"https:\/\/gulugulusevilla.com\/index.php\/wp-json\/wp\/v2\/pages\/153\/revisions"}],"predecessor-version":[{"id":158,"href":"https:\/\/gulugulusevilla.com\/index.php\/wp-json\/wp\/v2\/pages\/153\/revisions\/158"}],"wp:attachment":[{"href":"https:\/\/gulugulusevilla.com\/index.php\/wp-json\/wp\/v2\/media?parent=153"}],"curies":[{"name":"wp","href":"https:\/\/api.w.org\/{rel}","templated":true}]}}