{"id":151,"date":"2025-02-25T16:09:21","date_gmt":"2025-02-25T16:09:21","guid":{"rendered":"https:\/\/gulugulusevilla.com\/?page_id=151"},"modified":"2025-02-25T16:09:21","modified_gmt":"2025-02-25T16:09:21","slug":"aviso-legal","status":"publish","type":"page","link":"https:\/\/gulugulusevilla.com\/index.php\/aviso-legal\/","title":{"rendered":"Aviso Legal"},"content":{"rendered":"\n<p>En cumplimiento con la Ley Org\u00e1nica 3\/2018, de 5 de diciembre (LOPDyGDD) y de acuerdo al Reglamento General de Protecci\u00f3n de Datos 2016\/679, del Parlamento Europeo y del Consejo de 27 de abril (RGPD),\u00a0<strong>ASIA TRAVEL FOOD S.L.<\/strong>\u00a0, pone en conocimiento sus usuarios la siguiente informaci\u00f3n, de car\u00e1cter general:<\/p>\n\n\n\n<p><strong><strong>ASIA TRAVEL FOOD S.L.<\/strong><\/strong>\u00a0(EN ADELANTE EL PROPIETARIO) con domicilio a efectos de notificaciones en Calle Augusto Plasencia, 1 Planta LC, puerta B, 41004 Sevilla con\u00a0<strong>CIF B56847825<\/strong>\u00a0pone a disposici\u00f3n en su sitio web\u00a0<a href=\"http:\/\/www.grupojechura.com\/\">www.gulugulusevilla.com<\/a>\u00a0determinados contenidos de car\u00e1cter informativo sobre sus actividades. Las presentes condiciones generales rigen \u00fanica y exclusivamente el uso del sitio web de EL PROPIETARIO por parte de los USUARIOS que accedan al mismo.<\/p>\n\n\n\n<p>El acceso al sitio web de EL PROPIETARIO implica sin reservas la aceptaci\u00f3n de las presentes condiciones generales de uso que el USUARIO afirma comprender en su totalidad. El USUARIO se compromete a no utilizar el sitio web y los servicios que se ofrecen en el mismo para la\u00a0 realizaci\u00f3n de actividades contrarias a la ley y a respetar en todo momento las presentes condiciones generales.<br><br>1.1.- La utilizaci\u00f3n del sitio web de EL PROPIETARIO, no conlleva la obligatoriedad de inscripci\u00f3n del USUARIO. Las condiciones de acceso y uso del presente sitio web se rigen estrictamente por la legalidad vigente y por el principio de buena fe, comprometi\u00e9ndose el USUARIO a realizar un buen uso de la web. Quedan prohibidos todos los actos que vulneren la legalidad, derechos o intereses de terceros: derecho a la intimidad, protecci\u00f3n de datos, propiedad intelectual etc.<\/p>\n\n\n\n<p>Expresamente EL PROPIETARIO proh\u00edbe los siguientes:<\/p>\n\n\n\n<p>1.1.1.- Realizar acciones que puedan producir en el sitio web o a trav\u00e9s del mismo por cualquier medio cualquier tipo de da\u00f1o a los sistemas de EL PROPIETARIO o a terceros.<\/p>\n\n\n\n<p>1.1.2.- Realizar sin la debida autorizaci\u00f3n cualquier tipo de publicidad o informaci\u00f3n comercial directamente o de forma encubierta, el env\u00edo de correos masivos (\u201c<em>spaming<\/em>\u201d) o env\u00edo de grandes mensajes con el fin de bloquear servidores de la red (\u201c<em>mail bombing<\/em>\u201d).<\/p>\n\n\n\n<p>1.2.- EL PROPIETARIO, podr\u00e1 interrumpir en cualquier momento el acceso a su sitio web si detecta un uso contrario a la legalidad, la buena fe o a las presentes condiciones generales- ver cl\u00e1usula quinta.<br><br>Los contenidos incorporados en este sitio web han sido elaborados e incluidos por:<\/p>\n\n\n\n<p>2.1.- EL PROPIETARIO utilizando fuentes internas y externas, de tal modo que EL PROPIETARIO \u00fanicamente se hace responsable por los contenidos elaborados de forma interna.<\/p>\n\n\n\n<p>2.2.- EL PROPIETARIO se reserva el derecho a modificar en cualquier momento los contenidos existentes en su sitio web. EL PROPIETARIO no asegura ni se responsabiliza del correcto funcionamiento de los enlaces a sitios web de terceros que figuren en www.gulugulusevilla.com<\/p>\n\n\n\n<p>Adem\u00e1s, a trav\u00e9s del sitio web del PROPIETARIO, se ponen a disposici\u00f3n del usuario servicios gratuitos y de pago ofrecidos por terceros ajenos y que se regir\u00e1n por las condiciones particulares de cada uno de ellos. EL PROPIETARIO no garantiza la veracidad, exactitud o actualidad de los contenidos y servicios ofrecidos por terceros y queda expresamente exento de todo tipo de responsabilidad por los da\u00f1os y perjuicios que puedan derivarse de la falta de exactitud de estos contenidos y servicios.<br><br>3.1.- EL PROPIETARIO en ning\u00fan caso ser\u00e1 responsable de:<\/p>\n\n\n\n<p>3.1.1.- Los fallos e incidencias que pudieran producirse en las comunicaciones o transmisiones incompletas de manera que no se garantiza que los servicios del sitio web est\u00e9n constantemente operativos.<\/p>\n\n\n\n<p>3.1.2.- De la producci\u00f3n de cualquier tipo de da\u00f1o que los USUARIOS o terceros pudiesen ocasionar en el sitio web.<\/p>\n\n\n\n<p>3.1.3.- De la fiabilidad y veracidad de las informaciones introducidas por terceros en el sitio web, bien directamente, bien a trav\u00e9s de enlaces o links. Asimismo,<strong>ASIA TRAVEL FOOD S.L.<\/strong>\u00a0colaborar\u00e1 y notificar\u00e1 a la autoridad competente estas incidencias en el momento en que tenga conocimiento fehaciente de que los da\u00f1os ocasionados constituyan cualquier tipo de actividad il\u00edcita.<\/p>\n\n\n\n<p>3.2.- EL PROPIETARIO se reserva el derecho a suspender el acceso sin previo aviso de forma discrecional y con car\u00e1cter definitivo o\u00a0temporal hasta el aseguramiento de la efectiva responsabilidad de los da\u00f1os que pudieran producirse. Asimismo, EL PROPIETARIO\u00a0colaborar\u00e1 y notificar\u00e1 a la autoridad competente estas incidencias en el momento en que tenga conocimiento fehaciente de que los da\u00f1os\u00a0ocasionados constituyan cualquier tipo de actividad il\u00edcita.<br><br><strong>Propiedad Industrial<\/strong><\/p>\n\n\n\n<p>La denominaci\u00f3n GULU GULU\u00a0es propiedad exclusiva de\u00a0<strong><strong>ASIA TRAVEL FOOD S.L.<\/strong><\/strong>\u00a0, que la tiene debidamente registrada. Su titularidad le otorga, de conformidad con el art\u00edculo 34 de la Ley 17\/2001, de 17 de diciembre, de Marcas, el derecho exclusivo de utilizar los signos distintivos. Por tanto, queda prohibida su utilizaci\u00f3n por parte de terceros que carezcan de autorizaci\u00f3n.<\/p>\n\n\n\n<p><strong>Derechos de Autor<\/strong><\/p>\n\n\n\n<p>Los contenidos, textos, fotograf\u00edas, dise\u00f1os, logotipos, im\u00e1genes y, en general, cualquier creaci\u00f3n existente en este sitio oficial, as\u00ed como el propio sitio en su conjunto est\u00e1n protegidos como derechos de autor por la legislaci\u00f3n en materia de propiedad intelectual.<br><br>Las presentes condiciones generales se rigen por la legislaci\u00f3n espa\u00f1ola. Son competentes para resolver toda controversia o conflicto que se\u00a0derive de las presentes condiciones generales los Juzgados de Sevilla, renunciando expresamente el USUARIO a cualquier otro fuero que\u00a0pudiera corresponderle.<br><br>En caso de que cualquier cl\u00e1usula del presente documento sea declarada nula, las dem\u00e1s cl\u00e1usulas seguir\u00e1n vigentes y se interpretar\u00e1n teniendo\u00a0en cuenta la voluntad de las partes y la finalidad misma de las presentes condiciones. EL PROPIETARIO podr\u00e1 no ejercitar alguno de los derechos\u00a0y facultades conferidos en este documento, lo que no implicar\u00e1 en ning\u00fan caso la renuncia a los mismos salvo reconocimiento expreso por parte de\u00a0EL PROPIETARIO.<\/p>\n","protected":false},"excerpt":{"rendered":"<p>En cumplimiento con la Ley Org\u00e1nica 3\/2018, de 5 de diciembre (LOPDyGDD) y de acuerdo al Reglamento General de Protecci\u00f3n de Datos 2016\/679, del Parlamento Europeo y del Consejo de 27 de abril (RGPD),\u00a0ASIA TRAVEL FOOD S.L.\u00a0, pone en conocimiento sus usuarios la siguiente informaci\u00f3n, de car\u00e1cter general: ASIA TRAVEL FOOD S.L.\u00a0(EN ADELANTE EL PROPIETARIO) [&hellip;]<\/p>\n","protected":false},"author":1,"featured_media":0,"parent":0,"menu_order":0,"comment_status":"closed","ping_status":"closed","template":"","meta":{"_et_pb_use_builder":"off","_et_pb_old_content":"","_et_gb_content_width":"","footnotes":""},"class_list":["post-151","page","type-page","status-publish","hentry"],"yoast_head":"<!-- This site is optimized with the Yoast SEO plugin v24.7 - https:\/\/yoast.com\/wordpress\/plugins\/seo\/ -->\n<title>Aviso Legal - GULU GULU<\/title>\n<meta name=\"robots\" content=\"index, follow, max-snippet:-1, max-image-preview:large, max-video-preview:-1\" \/>\n<link rel=\"canonical\" href=\"https:\/\/gulugulusevilla.com\/index.php\/aviso-legal\/\" \/>\n<meta property=\"og:locale\" content=\"es_ES\" \/>\n<meta property=\"og:type\" content=\"article\" \/>\n<meta property=\"og:title\" content=\"Aviso Legal - GULU GULU\" \/>\n<meta property=\"og:description\" content=\"En cumplimiento con la Ley Org\u00e1nica 3\/2018, de 5 de diciembre (LOPDyGDD) y de acuerdo al Reglamento General de Protecci\u00f3n de Datos 2016\/679, del Parlamento Europeo y del Consejo de 27 de abril (RGPD),\u00a0ASIA TRAVEL FOOD S.L.\u00a0, pone en conocimiento sus usuarios la siguiente informaci\u00f3n, de car\u00e1cter general: ASIA TRAVEL FOOD S.L.\u00a0(EN ADELANTE EL PROPIETARIO) [&hellip;]\" \/>\n<meta property=\"og:url\" content=\"https:\/\/gulugulusevilla.com\/index.php\/aviso-legal\/\" \/>\n<meta property=\"og:site_name\" content=\"GULU GULU\" \/>\n<meta name=\"twitter:card\" content=\"summary_large_image\" \/>\n<meta name=\"twitter:label1\" content=\"Tiempo de lectura\" \/>\n\t<meta name=\"twitter:data1\" content=\"5 minutos\" \/>\n<script type=\"application\/ld+json\" class=\"yoast-schema-graph\">{\"@context\":\"https:\/\/schema.org\",\"@graph\":[{\"@type\":\"WebPage\",\"@id\":\"https:\/\/gulugulusevilla.com\/index.php\/aviso-legal\/\",\"url\":\"https:\/\/gulugulusevilla.com\/index.php\/aviso-legal\/\",\"name\":\"Aviso Legal - GULU GULU\",\"isPartOf\":{\"@id\":\"https:\/\/gulugulusevilla.com\/#website\"},\"datePublished\":\"2025-02-25T16:09:21+00:00\",\"breadcrumb\":{\"@id\":\"https:\/\/gulugulusevilla.com\/index.php\/aviso-legal\/#breadcrumb\"},\"inLanguage\":\"es\",\"potentialAction\":[{\"@type\":\"ReadAction\",\"target\":[\"https:\/\/gulugulusevilla.com\/index.php\/aviso-legal\/\"]}]},{\"@type\":\"BreadcrumbList\",\"@id\":\"https:\/\/gulugulusevilla.com\/index.php\/aviso-legal\/#breadcrumb\",\"itemListElement\":[{\"@type\":\"ListItem\",\"position\":1,\"name\":\"Portada\",\"item\":\"https:\/\/gulugulusevilla.com\/\"},{\"@type\":\"ListItem\",\"position\":2,\"name\":\"Aviso Legal\"}]},{\"@type\":\"WebSite\",\"@id\":\"https:\/\/gulugulusevilla.com\/#website\",\"url\":\"https:\/\/gulugulusevilla.com\/\",\"name\":\"GULU GULU\",\"description\":\"Dim Sum en Sevilla\",\"publisher\":{\"@id\":\"https:\/\/gulugulusevilla.com\/#organization\"},\"potentialAction\":[{\"@type\":\"SearchAction\",\"target\":{\"@type\":\"EntryPoint\",\"urlTemplate\":\"https:\/\/gulugulusevilla.com\/?s={search_term_string}\"},\"query-input\":{\"@type\":\"PropertyValueSpecification\",\"valueRequired\":true,\"valueName\":\"search_term_string\"}}],\"inLanguage\":\"es\"},{\"@type\":\"Organization\",\"@id\":\"https:\/\/gulugulusevilla.com\/#organization\",\"name\":\"GULU GULU\",\"url\":\"https:\/\/gulugulusevilla.com\/\",\"logo\":{\"@type\":\"ImageObject\",\"inLanguage\":\"es\",\"@id\":\"https:\/\/gulugulusevilla.com\/#\/schema\/logo\/image\/\",\"url\":\"https:\/\/gulugulusevilla.com\/wp-content\/uploads\/2025\/01\/logo_de_gulu-removebg-preview-2.png\",\"contentUrl\":\"https:\/\/gulugulusevilla.com\/wp-content\/uploads\/2025\/01\/logo_de_gulu-removebg-preview-2.png\",\"width\":125,\"height\":125,\"caption\":\"GULU GULU\"},\"image\":{\"@id\":\"https:\/\/gulugulusevilla.com\/#\/schema\/logo\/image\/\"},\"sameAs\":[\"https:\/\/www.instagram.com\/gulu.sevilla\/\"]}]}<\/script>\n<!-- \/ Yoast SEO plugin. -->","yoast_head_json":{"title":"Aviso Legal - GULU GULU","robots":{"index":"index","follow":"follow","max-snippet":"max-snippet:-1","max-image-preview":"max-image-preview:large","max-video-preview":"max-video-preview:-1"},"canonical":"https:\/\/gulugulusevilla.com\/index.php\/aviso-legal\/","og_locale":"es_ES","og_type":"article","og_title":"Aviso Legal - GULU GULU","og_description":"En cumplimiento con la Ley Org\u00e1nica 3\/2018, de 5 de diciembre (LOPDyGDD) y de acuerdo al Reglamento General de Protecci\u00f3n de Datos 2016\/679, del Parlamento Europeo y del Consejo de 27 de abril (RGPD),\u00a0ASIA TRAVEL FOOD S.L.\u00a0, pone en conocimiento sus usuarios la siguiente informaci\u00f3n, de car\u00e1cter general: ASIA TRAVEL FOOD S.L.\u00a0(EN ADELANTE EL PROPIETARIO) [&hellip;]","og_url":"https:\/\/gulugulusevilla.com\/index.php\/aviso-legal\/","og_site_name":"GULU GULU","twitter_card":"summary_large_image","twitter_misc":{"Tiempo de lectura":"5 minutos"},"schema":{"@context":"https:\/\/schema.org","@graph":[{"@type":"WebPage","@id":"https:\/\/gulugulusevilla.com\/index.php\/aviso-legal\/","url":"https:\/\/gulugulusevilla.com\/index.php\/aviso-legal\/","name":"Aviso Legal - GULU GULU","isPartOf":{"@id":"https:\/\/gulugulusevilla.com\/#website"},"datePublished":"2025-02-25T16:09:21+00:00","breadcrumb":{"@id":"https:\/\/gulugulusevilla.com\/index.php\/aviso-legal\/#breadcrumb"},"inLanguage":"es","potentialAction":[{"@type":"ReadAction","target":["https:\/\/gulugulusevilla.com\/index.php\/aviso-legal\/"]}]},{"@type":"BreadcrumbList","@id":"https:\/\/gulugulusevilla.com\/index.php\/aviso-legal\/#breadcrumb","itemListElement":[{"@type":"ListItem","position":1,"name":"Portada","item":"https:\/\/gulugulusevilla.com\/"},{"@type":"ListItem","position":2,"name":"Aviso Legal"}]},{"@type":"WebSite","@id":"https:\/\/gulugulusevilla.com\/#website","url":"https:\/\/gulugulusevilla.com\/","name":"GULU GULU","description":"Dim Sum en Sevilla","publisher":{"@id":"https:\/\/gulugulusevilla.com\/#organization"},"potentialAction":[{"@type":"SearchAction","target":{"@type":"EntryPoint","urlTemplate":"https:\/\/gulugulusevilla.com\/?s={search_term_string}"},"query-input":{"@type":"PropertyValueSpecification","valueRequired":true,"valueName":"search_term_string"}}],"inLanguage":"es"},{"@type":"Organization","@id":"https:\/\/gulugulusevilla.com\/#organization","name":"GULU GULU","url":"https:\/\/gulugulusevilla.com\/","logo":{"@type":"ImageObject","inLanguage":"es","@id":"https:\/\/gulugulusevilla.com\/#\/schema\/logo\/image\/","url":"https:\/\/gulugulusevilla.com\/wp-content\/uploads\/2025\/01\/logo_de_gulu-removebg-preview-2.png","contentUrl":"https:\/\/gulugulusevilla.com\/wp-content\/uploads\/2025\/01\/logo_de_gulu-removebg-preview-2.png","width":125,"height":125,"caption":"GULU GULU"},"image":{"@id":"https:\/\/gulugulusevilla.com\/#\/schema\/logo\/image\/"},"sameAs":["https:\/\/www.instagram.com\/gulu.sevilla\/"]}]}},"_links":{"self":[{"href":"https:\/\/gulugulusevilla.com\/index.php\/wp-json\/wp\/v2\/pages\/151","targetHints":{"allow":["GET"]}}],"collection":[{"href":"https:\/\/gulugulusevilla.com\/index.php\/wp-json\/wp\/v2\/pages"}],"about":[{"href":"https:\/\/gulugulusevilla.com\/index.php\/wp-json\/wp\/v2\/types\/page"}],"author":[{"embeddable":true,"href":"https:\/\/gulugulusevilla.com\/index.php\/wp-json\/wp\/v2\/users\/1"}],"replies":[{"embeddable":true,"href":"https:\/\/gulugulusevilla.com\/index.php\/wp-json\/wp\/v2\/comments?post=151"}],"version-history":[{"count":1,"href":"https:\/\/gulugulusevilla.com\/index.php\/wp-json\/wp\/v2\/pages\/151\/revisions"}],"predecessor-version":[{"id":152,"href":"https:\/\/gulugulusevilla.com\/index.php\/wp-json\/wp\/v2\/pages\/151\/revisions\/152"}],"wp:attachment":[{"href":"https:\/\/gulugulusevilla.com\/index.php\/wp-json\/wp\/v2\/media?parent=151"}],"curies":[{"name":"wp","href":"https:\/\/api.w.org\/{rel}","templated":true}]}}